{"id":1151,"date":"2025-02-06T01:47:36","date_gmt":"2025-02-05T21:47:36","guid":{"rendered":"https:\/\/mezardasi.az\/?post_type=product&#038;p=1151"},"modified":"2025-07-21T16:50:17","modified_gmt":"2025-07-21T12:50:17","slug":"monument-with-a-white-granite-base","status":"publish","type":"product","link":"https:\/\/mezardasi.az\/az\/product\/monument-with-a-white-granite-base\/","title":{"rendered":"A\u011f d\u00f6\u015f\u0259m\u0259li m\u0259zar da\u015f\u0131"},"content":{"rendered":"","protected":false},"featured_media":1745,"template":"","product_cat":[11],"class_list":["post-1151","product","type-product","status-publish","has-post-thumbnail","hentry","product_cat-monuments-and-memorials"],"acf":[],"_links":{"self":[{"href":"https:\/\/mezardasi.az\/az\/wp-json\/wp\/v2\/product\/1151","targetHints":{"allow":["GET"]}}],"collection":[{"href":"https:\/\/mezardasi.az\/az\/wp-json\/wp\/v2\/product"}],"about":[{"href":"https:\/\/mezardasi.az\/az\/wp-json\/wp\/v2\/types\/product"}],"wp:featuredmedia":[{"embeddable":true,"href":"https:\/\/mezardasi.az\/az\/wp-json\/wp\/v2\/media\/1745"}],"wp:attachment":[{"href":"https:\/\/mezardasi.az\/az\/wp-json\/wp\/v2\/media?parent=1151"}],"wp:term":[{"taxonomy":"product_cat","embeddable":true,"href":"https:\/\/mezardasi.az\/az\/wp-json\/wp\/v2\/product_cat?post=1151"}],"curies":[{"name":"wp","href":"https:\/\/api.w.org\/{rel}","templated":true}]}}