{"id":1176,"date":"2025-02-06T01:57:21","date_gmt":"2025-02-05T21:57:21","guid":{"rendered":"https:\/\/mezardasi.az\/?post_type=product&#038;p=1176"},"modified":"2025-06-04T13:15:07","modified_gmt":"2025-06-04T09:15:07","slug":"gray-granite-vases-for-monuments","status":"publish","type":"product","link":"https:\/\/mezardasi.az\/az\/product\/gray-granite-vases-for-monuments\/","title":{"rendered":"M\u0259zar da\u015flar\u0131 \u00fc\u00e7\u00fcn \u00e7il-\u00e7il g\u00fcldanlar"},"content":{"rendered":"","protected":false},"featured_media":1177,"template":"","product_cat":[12],"class_list":["post-1176","product","type-product","status-publish","has-post-thumbnail","hentry","product_cat-vases-and-lampstands"],"acf":[],"_links":{"self":[{"href":"https:\/\/mezardasi.az\/az\/wp-json\/wp\/v2\/product\/1176","targetHints":{"allow":["GET"]}}],"collection":[{"href":"https:\/\/mezardasi.az\/az\/wp-json\/wp\/v2\/product"}],"about":[{"href":"https:\/\/mezardasi.az\/az\/wp-json\/wp\/v2\/types\/product"}],"wp:featuredmedia":[{"embeddable":true,"href":"https:\/\/mezardasi.az\/az\/wp-json\/wp\/v2\/media\/1177"}],"wp:attachment":[{"href":"https:\/\/mezardasi.az\/az\/wp-json\/wp\/v2\/media?parent=1176"}],"wp:term":[{"taxonomy":"product_cat","embeddable":true,"href":"https:\/\/mezardasi.az\/az\/wp-json\/wp\/v2\/product_cat?post=1176"}],"curies":[{"name":"wp","href":"https:\/\/api.w.org\/{rel}","templated":true}]}}