{"id":1183,"date":"2025-02-06T02:01:15","date_gmt":"2025-02-05T22:01:15","guid":{"rendered":"https:\/\/mezardasi.az\/?post_type=product&#038;p=1183"},"modified":"2025-06-04T13:17:52","modified_gmt":"2025-06-04T09:17:52","slug":"black-granite-vases-for-monuments","status":"publish","type":"product","link":"https:\/\/mezardasi.az\/az\/product\/black-granite-vases-for-monuments\/","title":{"rendered":"M\u0259zar da\u015flar\u0131 \u00fc\u00e7\u00fcn qara g\u00fcldanlar"},"content":{"rendered":"","protected":false},"featured_media":1185,"template":"","product_cat":[12],"class_list":["post-1183","product","type-product","status-publish","has-post-thumbnail","hentry","product_cat-vases-and-lampstands"],"acf":[],"_links":{"self":[{"href":"https:\/\/mezardasi.az\/az\/wp-json\/wp\/v2\/product\/1183","targetHints":{"allow":["GET"]}}],"collection":[{"href":"https:\/\/mezardasi.az\/az\/wp-json\/wp\/v2\/product"}],"about":[{"href":"https:\/\/mezardasi.az\/az\/wp-json\/wp\/v2\/types\/product"}],"wp:featuredmedia":[{"embeddable":true,"href":"https:\/\/mezardasi.az\/az\/wp-json\/wp\/v2\/media\/1185"}],"wp:attachment":[{"href":"https:\/\/mezardasi.az\/az\/wp-json\/wp\/v2\/media?parent=1183"}],"wp:term":[{"taxonomy":"product_cat","embeddable":true,"href":"https:\/\/mezardasi.az\/az\/wp-json\/wp\/v2\/product_cat?post=1183"}],"curies":[{"name":"wp","href":"https:\/\/api.w.org\/{rel}","templated":true}]}}